{"id":21,"date":"2026-04-23T21:56:30","date_gmt":"2026-04-23T21:56:30","guid":{"rendered":"https:\/\/snow-hamster-928569.hostingersite.com\/?page_id=21"},"modified":"2026-04-24T13:55:00","modified_gmt":"2026-04-24T13:55:00","slug":"privacy-policy","status":"publish","type":"page","link":"https:\/\/amsterdamcitytaxis.nl\/it\/privacy-policy\/","title":{"rendered":"Consulta la nostra informativa sulla privacy"},"content":{"rendered":"<div data-elementor-type=\"wp-page\" data-elementor-id=\"21\" class=\"elementor elementor-21\" data-elementor-post-type=\"page\">\n\t\t\t\t\t\t<section class=\"elementor-section elementor-top-section elementor-element elementor-element-d10b02e elementor-section-boxed elementor-section-height-default elementor-section-height-default\" data-id=\"d10b02e\" data-element_type=\"section\" data-e-type=\"section\" data-settings=\"{&quot;background_background&quot;:&quot;classic&quot;}\">\n\t\t\t\t\t\t\t<div class=\"elementor-background-overlay\"><\/div>\n\t\t\t\t\t\t\t<div class=\"elementor-container elementor-column-gap-default\">\n\t\t\t\t\t<div class=\"elementor-column elementor-col-100 elementor-top-column elementor-element elementor-element-bb05a5e\" data-id=\"bb05a5e\" data-element_type=\"column\" data-e-type=\"column\">\n\t\t\t<div class=\"elementor-widget-wrap elementor-element-populated\">\n\t\t\t\t\t\t<div class=\"elementor-element elementor-element-8d28b0c elementor-widget__width-auto elementor-widget elementor-widget-heading\" data-id=\"8d28b0c\" data-element_type=\"widget\" data-e-type=\"widget\" data-widget_type=\"heading.default\">\n\t\t\t\t\t<h1 class=\"elementor-heading-title elementor-size-default\">Privacy<\/h1>\t\t\t\t<\/div>\n\t\t\t\t<div class=\"elementor-element elementor-element-fbbbd16 elementor-widget__width-auto elementor-widget elementor-widget-heading\" data-id=\"fbbbd16\" data-element_type=\"widget\" data-e-type=\"widget\" data-widget_type=\"heading.default\">\n\t\t\t\t\t<h1 class=\"elementor-heading-title elementor-size-default\">politica<\/h1>\t\t\t\t<\/div>\n\t\t\t\t\t<\/div>\n\t\t<\/div>\n\t\t\t\t\t<\/div>\n\t\t<\/section>\n\t\t<div class=\"elementor-element elementor-element-f2f5a95 e-flex e-con-boxed e-con e-parent\" data-id=\"f2f5a95\" data-element_type=\"container\" data-e-type=\"container\">\n\t\t\t\t\t<div class=\"e-con-inner\">\n\t\t\t\t<div class=\"elementor-element elementor-element-d532d99 elementor-widget elementor-widget-text-editor\" data-id=\"d532d99\" data-element_type=\"widget\" data-e-type=\"widget\" data-widget_type=\"text-editor.default\">\n\t\t\t\t\t\t\t\t\t<p><strong>Consulta la nostra informativa sulla privacy<\/strong><br \/>Vista la nostra politica sulla privacy<\/p><p>Amsterdam City Taxis, con sede ad AMSTERDAM, \u00e8 responsabile del trattamento dei dati personali, come previsto nella presente informativa sulla privacy.<\/p><p><strong>Dettagli di contatto<\/strong><br \/>+31203086946<\/p><p>Il responsabile della Protezione dei Dati di Amsterdam City Taxi pu\u00f2 essere contattato all\u2019indirizzo a <a href=\"mailto:booking@amsterdamcitytaxis.com\">booking@amsterdamcitytaxis.com<\/a><\/p><p><strong>Trattiamo dati personali<\/strong><br \/>Amsterdam City Taxi elabora i tuoi dati personali, perch\u00e9 si utilizzano i nostri servizi e\/o perch\u00e9 utilizzi i nostri servizi e\/o perch\u00e9 ci fornisci direttamente tali dati.<\/p><p>Qui di seguito troverete una panoramica dei dati personali che trattiamo:<\/p><p>Nome e cognome<\/p><p>Indirizzo<\/p><p>Il numero di telefono<\/p><p>Indirizzo e-mail<\/p><p><strong>Speciali e\/o dati personali sensibili trattiamo<\/strong><br \/>Il nostro sito web e\/o servizio non \u00e8 destinato a raccogliere dati sui visitatori del sito che sono al di sotto dei 16 anni di et\u00e0. A meno che non si dispone dell'autorizzazione da parte dei genitori o di un tutore. Tuttavia, non possiamo verificare se un visitatore abbia pi\u00f9 di 16 anni. Pertanto, invitiamo i genitori a essere coinvolti in attivit\u00e0 online dei propri figli, per evitare che i dati sui bambini per essere raccolto senza il consenso dei genitori. Se sei convinto che abbiamo raccolti i dati personali di un minore senza il consenso, vi preghiamo di contattarci al <a href=\"mailto:booking@amsterdamcitytaxis.com\">booking@amsterdamcitytaxis.com<\/a>e ci sar\u00e0 l'eliminazione di tali informazioni.<\/p><p><strong>Per quali finalit\u00e0 e su quale base trattiamo i dati personali i dati personali<\/strong><br \/>Amsterdam City Taxi elabora i tuoi dati personali per i seguenti scopi:<\/p><p>La gestione del tuo pagamento<\/p><p>Contattarti telefonicamente o via email, se necessario per fornire i nostri servizi i nostri servizi<\/p><p>Fornire beni e servizi<\/p><p>Analizza il tuo comportamento sul sito web per migliorare il sito e per personalizzare la gamma di prodotti e servizi per le preferenze<\/p><p>Monitoraggio delle vostre abitudini di navigazione attraverso diversi siti web per adattare i nostri prodotti e servizi alle tue esigenze,<\/p><p><strong>Automatizzato decisionale<\/strong><br \/>Amsterdam City Taxiprende decisioni basate su trattamenti automatizzati che possono avere conseguenze significative per le persone su questioni che potrebbero avere (significativo) conseguenze per le persone. Queste sono le decisioni prese da programmi per computer o sistemi, senza un essere umano (ad esempio, un dipendente della Citt\u00e0 di Amsterdam Taxi) di essere coinvolti.<\/p><p><strong>Quanto tempo conservare i dati personali<\/strong><br \/>Amsterdam City Taxi non conserva i tuoi dati personali per un periodo superiore a quello strettamente necessario, il tempo strettamente necessario a conseguire gli scopi per i quali i dati sono stati raccolti.<\/p><p><strong>La condivisione dei dati personali con terze parti<\/strong><br \/>Amsterdam City Taxi non vendere a terzi i vostri dati e fornisce solo se necessario per l'esecuzione del contratto o per ottemperare ad un obbligo legale. Con le imprese che trattano dati per conto nostro, possiamo concludere che un trattamento di dati accordo per garantire lo stesso livello di sicurezza e riservatezza dei dati. Amsterdam City Taxi rimane responsabile per le operazioni di elaborazione.<\/p><p><strong>Cookies o analoghe tecniche da noi utilizzate<\/strong><br \/>Cookie di istruzione per Amsterdam City Taxi<\/p><p><strong>Utilizzo dei cookies<\/strong><br \/>Che cosa sono i cookies?<br \/>Amsterdam City Taxi utilizza i cookie e tecnologie simili. I cookie sono piccoli (testo), i file che vengono creati e memorizzati sul vostro computer, tablet o smartphone quando si utilizza il sito web. I cookie di via Amsterdam City Taxi sito web non pu\u00f2 danneggiare il dispositivo o i file memorizzati su di esso.<\/p><p><strong>I tipi di cookie<\/strong><br \/>Amsterdam City Taxi usi funzionali e cookies analitici per migliorare ulteriormente il servizio.<\/p><p><strong>Cookie funzionali<\/strong><br \/>Cookie funzionali assicurare che il sito web funzioni correttamente e che \u00e8 possibile visualizzare le informazioni del tuo account, per esempio.<\/p><p><strong>I cookie analitici<\/strong><br \/>Amsterdam City Taxi utilizza cookies analitici per tenere traccia di come gli utenti utilizzano il sito. Questo ci aiuta a migliorare i nostri servizi.<\/p><p><strong>Rifiutare i cookies<\/strong><br \/>L'utilizzo di cookies \u00e8 facoltativo. Se non si desidera utilizzare, \u00e8 possibile regolare le impostazioni del browser. \u00c8 anche possibile eliminare installato i cookie dal tuo computer, tablet o smartphone in qualsiasi momento.<\/p><p><strong>Accedere, correggere o cancellare i dati<\/strong><br \/>Avete il diritto di accedere, correggere o cancellare i tuoi dati personali. Hai anche il diritto di revocare il consenso per il trattamento dei dati o opporsi al trattamento dei suoi dati personali da Amsterdam City Taxi, e si ha il diritto alla portabilit\u00e0 dei dati. Questo significa che \u00e8 possibile presentare una richiesta di inviare i dati personali che abbiamo su di voi in un file di computer o di un'altra organizzazione, \u00e8 il nome.<\/p><p>\u00c8 possibile inviare una richiesta di accesso, correzione, cancellazione, trasferimento di dati dei vostri dati personali, o di una richiesta di ritirare il proprio consenso o opporsi al trattamento dei suoi dati personali per <a href=\"mailto:booking@amsterdamcitytaxis.com\">booking@amsterdamcitytaxis.com<\/a>.<\/p><p>Per garantire che la richiesta di accesso viene fatto da voi, vi chiediamo di inviare una copia del tuo documento di identificazione con la richiesta. In questa copia, black out la vostra foto per il passaporto, MRZ (machine readable zona, la striscia di numeri in basso il passaporto), il numero di passaporto e il Cittadino Numero del Servizio (BSN). Questo \u00e8 per proteggere la vostra privacy. Ti risponderemo al pi\u00f9 presto possibile, e comunque entro quattro settimane, per la tua richiesta.<\/p><p>Amsterdam City Taxi, inoltre, informa che \u00e8 possibile presentare un reclamo con l'autorit\u00e0 nazionale di vigilanza, l'olandese Autorit\u00e0 di Protezione dei Dati (Autoriteit Persoonsgegevens).<\/p><p><strong>Come proteggiamo i dati personali<\/strong><br \/>Amsterdam City Taxi prende la tutela dei dati personali sul serio e prende le misure appropriate per evitare un uso improprio, perdita, accesso non autorizzato, la diffusione indesiderata, e le modifiche non autorizzate.<\/p><p>Se avete l'impressione che i tuoi dati non \u00e8 fissato correttamente o ci sono indicazioni di uso improprio, vi preghiamo di contattarci tramite:<\/p><p><a href=\"mailto:booking@amsterdamcitytaxis.com\">booking@amsterdamcitytaxis.com<\/a><\/p>\t\t\t\t\t\t\t\t<\/div>\n\t\t\t\t\t<\/div>\n\t\t\t\t<\/div>\n\t\t\t\t<\/div>","protected":false},"excerpt":{"rendered":"<p>Privacy policy Privacy PolicyView our privacy policy Amsterdam City Taxis, based in AMSTERDAM, is responsible for the processing of personal data as set out in this privacy policy. Contact details+31203086946 The Data Protection Officer of Amsterdam City Taxis can be reached at booking@amsterdamcitytaxis.com Personal data we processAmsterdam City Taxis processes your personal data because you [&hellip;]<\/p>\n","protected":false},"author":1,"featured_media":0,"parent":0,"menu_order":0,"comment_status":"closed","ping_status":"closed","template":"elementor_header_footer","meta":{"_joinchat":[],"footnotes":""},"class_list":["post-21","page","type-page","status-publish","hentry"],"_links":{"self":[{"href":"https:\/\/amsterdamcitytaxis.nl\/it\/wp-json\/wp\/v2\/pages\/21","targetHints":{"allow":["GET"]}}],"collection":[{"href":"https:\/\/amsterdamcitytaxis.nl\/it\/wp-json\/wp\/v2\/pages"}],"about":[{"href":"https:\/\/amsterdamcitytaxis.nl\/it\/wp-json\/wp\/v2\/types\/page"}],"author":[{"embeddable":true,"href":"https:\/\/amsterdamcitytaxis.nl\/it\/wp-json\/wp\/v2\/users\/1"}],"replies":[{"embeddable":true,"href":"https:\/\/amsterdamcitytaxis.nl\/it\/wp-json\/wp\/v2\/comments?post=21"}],"version-history":[{"count":35,"href":"https:\/\/amsterdamcitytaxis.nl\/it\/wp-json\/wp\/v2\/pages\/21\/revisions"}],"predecessor-version":[{"id":10718,"href":"https:\/\/amsterdamcitytaxis.nl\/it\/wp-json\/wp\/v2\/pages\/21\/revisions\/10718"}],"wp:attachment":[{"href":"https:\/\/amsterdamcitytaxis.nl\/it\/wp-json\/wp\/v2\/media?parent=21"}],"curies":[{"name":"wp","href":"https:\/\/api.w.org\/{rel}","templated":true}]}}