{"id":21,"date":"2026-04-23T21:56:30","date_gmt":"2026-04-23T21:56:30","guid":{"rendered":"https:\/\/snow-hamster-928569.hostingersite.com\/?page_id=21"},"modified":"2026-04-24T13:55:00","modified_gmt":"2026-04-24T13:55:00","slug":"privacy-policy","status":"publish","type":"page","link":"https:\/\/amsterdamcitytaxis.nl\/es\/privacy-policy\/","title":{"rendered":"Pol\u00edtica de privacidad"},"content":{"rendered":"<div data-elementor-type=\"wp-page\" data-elementor-id=\"21\" class=\"elementor elementor-21\" data-elementor-post-type=\"page\">\n\t\t\t\t\t\t<section class=\"elementor-section elementor-top-section elementor-element elementor-element-d10b02e elementor-section-boxed elementor-section-height-default elementor-section-height-default\" data-id=\"d10b02e\" data-element_type=\"section\" data-e-type=\"section\" data-settings=\"{&quot;background_background&quot;:&quot;classic&quot;}\">\n\t\t\t\t\t\t\t<div class=\"elementor-background-overlay\"><\/div>\n\t\t\t\t\t\t\t<div class=\"elementor-container elementor-column-gap-default\">\n\t\t\t\t\t<div class=\"elementor-column elementor-col-100 elementor-top-column elementor-element elementor-element-bb05a5e\" data-id=\"bb05a5e\" data-element_type=\"column\" data-e-type=\"column\">\n\t\t\t<div class=\"elementor-widget-wrap elementor-element-populated\">\n\t\t\t\t\t\t<div class=\"elementor-element elementor-element-8d28b0c elementor-widget__width-auto elementor-widget elementor-widget-heading\" data-id=\"8d28b0c\" data-element_type=\"widget\" data-e-type=\"widget\" data-widget_type=\"heading.default\">\n\t\t\t\t\t<h1 class=\"elementor-heading-title elementor-size-default\">Privacidad<\/h1>\t\t\t\t<\/div>\n\t\t\t\t<div class=\"elementor-element elementor-element-fbbbd16 elementor-widget__width-auto elementor-widget elementor-widget-heading\" data-id=\"fbbbd16\" data-element_type=\"widget\" data-e-type=\"widget\" data-widget_type=\"heading.default\">\n\t\t\t\t\t<h1 class=\"elementor-heading-title elementor-size-default\">la pol\u00edtica de<\/h1>\t\t\t\t<\/div>\n\t\t\t\t\t<\/div>\n\t\t<\/div>\n\t\t\t\t\t<\/div>\n\t\t<\/section>\n\t\t<div class=\"elementor-element elementor-element-f2f5a95 e-flex e-con-boxed e-con e-parent\" data-id=\"f2f5a95\" data-element_type=\"container\" data-e-type=\"container\">\n\t\t\t\t\t<div class=\"e-con-inner\">\n\t\t\t\t<div class=\"elementor-element elementor-element-d532d99 elementor-widget elementor-widget-text-editor\" data-id=\"d532d99\" data-element_type=\"widget\" data-e-type=\"widget\" data-widget_type=\"text-editor.default\">\n\t\t\t\t\t\t\t\t\t<p><strong>Pol\u00edtica de privacidad<\/strong><br \/>Ver nuestra pol\u00edtica de privacidad<\/p><p>Amsterdam City Taxis, con sede en AMSTERDAM, es responsable del tratamiento de los datos personales seg\u00fan lo establecido en esta pol\u00edtica de privacidad.<\/p><p><strong>Datos de contacto<\/strong><br \/>+31203086946<\/p><p>El delegado de Protecci\u00f3n de Datos de Amsterdam los Taxis de la Ciudad puede ser contactado en <a href=\"mailto:booking@amsterdamcitytaxis.com\">booking@amsterdamcitytaxis.com<\/a><\/p><p><strong>Los datos personales que procesamos<\/strong><br \/>Amsterdam Taxis de la Ciudad de los procesos de sus datos de car\u00e1cter personal porque utiliza nuestros servicios y\/o porque nos proporciona estos datos directamente.<\/p><p>A continuaci\u00f3n encontrar\u00e1 un resumen de los datos personales que procesamos:<\/p><p>Nombre y apellido<\/p><p>Los detalles de la direcci\u00f3n<\/p><p>N\u00famero de tel\u00e9fono<\/p><p>Direcci\u00f3n de correo electr\u00f3nico<\/p><p><strong>Especiales y\/o datos personales sensibles le proceso<\/strong><br \/>Nuestro sitio web y\/o servicio no tiene la intenci\u00f3n de recopilar datos sobre los visitantes del sitio web que son menores de 16 a\u00f1os de edad. A menos que tengan el permiso de los padres o tutor. Sin embargo, no podemos comprobar si un visitante es de m\u00e1s de 16 a\u00f1os. Por ello animamos a los padres a participar en las actividades online de sus hijos, para evitar que los datos acerca de los ni\u00f1os de ser recogidos sin consentimiento de los padres. Si usted est\u00e1 convencido de que hemos recopilado informaci\u00f3n personal acerca de un menor de edad sin el consentimiento, por favor p\u00f3ngase en contacto con nosotros en <a href=\"mailto:booking@amsterdamcitytaxis.com\">booking@amsterdamcitytaxis.com<\/a>y y eliminaremos esta informaci\u00f3n.<\/p><p><strong>Para qu\u00e9 prop\u00f3sito y con qu\u00e9 criterios hemos de proceso de datos de car\u00e1cter personal<\/strong><br \/>Amsterdam Taxis de la Ciudad de los procesos de sus datos personales para los siguientes fines:<\/p><p>El manejo de su pago<\/p><p>Llamarle o enviarle un correo electr\u00f3nico cuando sea necesario para prestar nuestros servicios si es necesario para llevar a cabo nuestros servicios<\/p><p>La entrega de los bienes y servicios<\/p><p>El an\u00e1lisis de su comportamiento en el sitio web para mejorar el sitio web y adaptar la gama de productos y servicios a sus preferencias<\/p><p>El seguimiento de su comportamiento de navegaci\u00f3n a trav\u00e9s de diferentes sitios web para adaptar nuestros productos y servicios a sus necesidades<\/p><p><strong>Autom\u00e1tico de toma de decisiones<\/strong><br \/>Amsterdam los Taxis de la Ciudad de la toma de decisiones basadas en el procesamiento automatizado sobre cuestiones que puedan tener (significativo) consecuencias para los individuos. Estas son las decisiones tomadas por los programas de ordenador o de los sistemas, sin un ser humano (por ejemplo, un empleado de Amsterdam los Taxis de la Ciudad) est\u00e1 implicado.<\/p><p><strong>\u00bfCu\u00e1nto tiempo podemos conservar los datos personales<\/strong><br \/>\u00c1msterdam, la Ciudad de los Taxis no conserva sus datos personales por m\u00e1s tiempo que el estrictamente necesario para lograr los fines para los que se recopilan los datos.<\/p><p><strong>Compartir datos personales con terceros<\/strong><br \/>Amsterdam Taxis de la Ciudad de no vender sus datos a terceros y s\u00f3lo se ofrece si es necesario para el desempe\u00f1o de nuestro contrato con usted o para cumplir con una obligaci\u00f3n legal. Con las empresas que procesan sus datos en nuestro nombre, llegamos a la conclusi\u00f3n de un acuerdo de procesamiento de datos para garantizar el mismo nivel de seguridad y confidencialidad de sus datos. Amsterdam los Taxis de la Ciudad sigue siendo el responsable de estas operaciones de tratamiento.<\/p><p><strong>Las Cookies o t\u00e9cnicas similares a las que utilizamos<\/strong><br \/>Declaraci\u00f3n de cookies para los Taxis de la Ciudad de Amsterdam<\/p><p><strong>Uso de cookies<\/strong><br \/>\u00bfQu\u00e9 son las cookies?<br \/>La Ciudad de Amsterdam Taxis utiliza cookies y otras t\u00e9cnicas similares. Las Cookies son peque\u00f1os archivos (de texto) que se crean y se almacenan en su ordenador, tablet, o smartphone cuando usted usa el sitio web. Las cookies colocadas a trav\u00e9s de la Ciudad de Amsterdam, los Taxis de sitio web no pueden da\u00f1ar su dispositivo ni los archivos almacenados en \u00e9l almacenados en \u00e9l.<\/p><p><strong>Tipos de cookies<\/strong><br \/>Amsterdam Taxis de la Ciudad de los usos funcionales y cookies anal\u00edticas para mejorar a\u00fan m\u00e1s su servicio.<\/p><p><strong>Cookies funcionales<\/strong><br \/>Cookies funcionales asegurarse de que el sitio web funcione correctamente y que usted puede ver la informaci\u00f3n de su cuenta, por ejemplo.<\/p><p><strong>Cookies anal\u00edticas<\/strong><br \/>La Ciudad de Amsterdam Taxis utiliza cookies anal\u00edticas para el seguimiento de c\u00f3mo los usuarios utilizan el sitio web. Esto nos ayuda a mejorar nuestros servicios.<\/p><p><strong>Rechazar los \"cookies\"<\/strong><br \/>El uso de cookies es opcional. Si usted no desea utilizar, puede ajustar la configuraci\u00f3n de su navegador. Tambi\u00e9n puede eliminar las cookies instaladas desde tu ordenador, tablet o smartphone en cualquier momento.<\/p><p><strong>Acceder, corregir o eliminar datos<\/strong><br \/>Usted tiene el derecho a acceder, corregir o eliminar sus datos personales. Usted tambi\u00e9n tiene el derecho a revocar su consentimiento para el procesamiento de datos u oponerse al tratamiento de sus datos personales por Amsterdam los Taxis de la Ciudad, y usted tiene el derecho a la portabilidad de los datos. Esto significa que usted puede presentar una solicitud para enviar los datos personales que tenemos sobre usted en un archivo de computadora a usted o a otra organizaci\u00f3n que usted nombre.<\/p><p>Usted puede enviar una solicitud de acceso, rectificaci\u00f3n, cancelaci\u00f3n de datos, la transferencia de sus datos de car\u00e1cter personal, o una solicitud para retirar su consentimiento u oponerse al tratamiento de sus datos personales a <a href=\"mailto:booking@amsterdamcitytaxis.com\">booking@amsterdamcitytaxis.com<\/a>.<\/p><p>Para asegurarse de que la solicitud de acceso es hecho por usted, le pedimos que env\u00ede una copia de su documento de identificaci\u00f3n con la solicitud. En esta copia, negro fuera su foto de pasaporte, MRZ (zona legible por m\u00e1quina, la tira de n\u00fameros en la parte inferior del pasaporte), n\u00famero de pasaporte, y el Servicio a los Ciudadanos N\u00famero (BSN). Esto es para proteger su privacidad. Le responderemos tan pronto como sea posible, pero dentro de cuatro semanas, a su solicitud.<\/p><p>Amsterdam los Taxis de la Ciudad tambi\u00e9n quiere informar al usuario de que tiene la opci\u00f3n de presentar una queja con la autoridad nacional de supervisi\u00f3n, el holand\u00e9s Autoridad de Protecci\u00f3n de Datos (Autoriteit Persoonsgegevens\").<\/p><p><strong>C\u00f3mo protegemos los datos personales<\/strong><br \/>Amsterdam los Taxis de la Ciudad se toma la protecci\u00f3n de sus datos en serio y toma las medidas adecuadas para evitar el mal uso, p\u00e9rdida, acceso no autorizado, la divulgaci\u00f3n no deseada, y la modificaci\u00f3n no autorizada.<\/p><p>Si usted tiene la impresi\u00f3n de que sus datos no est\u00e1 correctamente asegurada o hay indicios de uso indebido, por favor p\u00f3ngase en contacto con nosotros a trav\u00e9s de:<\/p><p><a href=\"mailto:booking@amsterdamcitytaxis.com\">booking@amsterdamcitytaxis.com<\/a><\/p>\t\t\t\t\t\t\t\t<\/div>\n\t\t\t\t\t<\/div>\n\t\t\t\t<\/div>\n\t\t\t\t<\/div>","protected":false},"excerpt":{"rendered":"<p>Privacy policy Privacy PolicyView our privacy policy Amsterdam City Taxis, based in AMSTERDAM, is responsible for the processing of personal data as set out in this privacy policy. Contact details+31203086946 The Data Protection Officer of Amsterdam City Taxis can be reached at booking@amsterdamcitytaxis.com Personal data we processAmsterdam City Taxis processes your personal data because you [&hellip;]<\/p>\n","protected":false},"author":1,"featured_media":0,"parent":0,"menu_order":0,"comment_status":"closed","ping_status":"closed","template":"elementor_header_footer","meta":{"_joinchat":[],"footnotes":""},"class_list":["post-21","page","type-page","status-publish","hentry"],"_links":{"self":[{"href":"https:\/\/amsterdamcitytaxis.nl\/es\/wp-json\/wp\/v2\/pages\/21","targetHints":{"allow":["GET"]}}],"collection":[{"href":"https:\/\/amsterdamcitytaxis.nl\/es\/wp-json\/wp\/v2\/pages"}],"about":[{"href":"https:\/\/amsterdamcitytaxis.nl\/es\/wp-json\/wp\/v2\/types\/page"}],"author":[{"embeddable":true,"href":"https:\/\/amsterdamcitytaxis.nl\/es\/wp-json\/wp\/v2\/users\/1"}],"replies":[{"embeddable":true,"href":"https:\/\/amsterdamcitytaxis.nl\/es\/wp-json\/wp\/v2\/comments?post=21"}],"version-history":[{"count":35,"href":"https:\/\/amsterdamcitytaxis.nl\/es\/wp-json\/wp\/v2\/pages\/21\/revisions"}],"predecessor-version":[{"id":10718,"href":"https:\/\/amsterdamcitytaxis.nl\/es\/wp-json\/wp\/v2\/pages\/21\/revisions\/10718"}],"wp:attachment":[{"href":"https:\/\/amsterdamcitytaxis.nl\/es\/wp-json\/wp\/v2\/media?parent=21"}],"curies":[{"name":"wp","href":"https:\/\/api.w.org\/{rel}","templated":true}]}}