{"id":21,"date":"2026-04-23T21:56:30","date_gmt":"2026-04-23T21:56:30","guid":{"rendered":"https:\/\/snow-hamster-928569.hostingersite.com\/?page_id=21"},"modified":"2026-04-24T13:55:00","modified_gmt":"2026-04-24T13:55:00","slug":"privacy-policy","status":"publish","type":"page","link":"https:\/\/amsterdamcitytaxis.nl\/de\/privacy-policy\/","title":{"rendered":"Datenschutzerkl\u00e4rung"},"content":{"rendered":"<div data-elementor-type=\"wp-page\" data-elementor-id=\"21\" class=\"elementor elementor-21\" data-elementor-post-type=\"page\">\n\t\t\t\t\t\t<section class=\"elementor-section elementor-top-section elementor-element elementor-element-d10b02e elementor-section-boxed elementor-section-height-default elementor-section-height-default\" data-id=\"d10b02e\" data-element_type=\"section\" data-e-type=\"section\" data-settings=\"{&quot;background_background&quot;:&quot;classic&quot;}\">\n\t\t\t\t\t\t\t<div class=\"elementor-background-overlay\"><\/div>\n\t\t\t\t\t\t\t<div class=\"elementor-container elementor-column-gap-default\">\n\t\t\t\t\t<div class=\"elementor-column elementor-col-100 elementor-top-column elementor-element elementor-element-bb05a5e\" data-id=\"bb05a5e\" data-element_type=\"column\" data-e-type=\"column\">\n\t\t\t<div class=\"elementor-widget-wrap elementor-element-populated\">\n\t\t\t\t\t\t<div class=\"elementor-element elementor-element-8d28b0c elementor-widget__width-auto elementor-widget elementor-widget-heading\" data-id=\"8d28b0c\" data-element_type=\"widget\" data-e-type=\"widget\" data-widget_type=\"heading.default\">\n\t\t\t\t\t<h1 class=\"elementor-heading-title elementor-size-default\">Datenschutz<\/h1>\t\t\t\t<\/div>\n\t\t\t\t<div class=\"elementor-element elementor-element-fbbbd16 elementor-widget__width-auto elementor-widget elementor-widget-heading\" data-id=\"fbbbd16\" data-element_type=\"widget\" data-e-type=\"widget\" data-widget_type=\"heading.default\">\n\t\t\t\t\t<h1 class=\"elementor-heading-title elementor-size-default\">Politik<\/h1>\t\t\t\t<\/div>\n\t\t\t\t\t<\/div>\n\t\t<\/div>\n\t\t\t\t\t<\/div>\n\t\t<\/section>\n\t\t<div class=\"elementor-element elementor-element-f2f5a95 e-flex e-con-boxed e-con e-parent\" data-id=\"f2f5a95\" data-element_type=\"container\" data-e-type=\"container\">\n\t\t\t\t\t<div class=\"e-con-inner\">\n\t\t\t\t<div class=\"elementor-element elementor-element-d532d99 elementor-widget elementor-widget-text-editor\" data-id=\"d532d99\" data-element_type=\"widget\" data-e-type=\"widget\" data-widget_type=\"text-editor.default\">\n\t\t\t\t\t\t\t\t\t<p><strong>Datenschutzerkl\u00e4rung<\/strong><br \/>Sehen Sie sich unsere Datenschutzerkl\u00e4rung<\/p><p>Amsterdam City Taxis mit Sitz in AMSTERDAM ist verantwortlich f\u00fcr die Verarbeitung personenbezogener Daten, wie in dieser Datenschutzerkl\u00e4rung beschrieben.<\/p><p><strong>Kontaktdaten<\/strong><br \/>+31203086946<\/p><p>Der Datenschutzbeauftragte von Amsterdam City Taxis ist erreichbar unter: <a href=\"mailto:booking@amsterdamcitytaxis.com\">booking@amsterdamcitytaxis.com<\/a><\/p><p><strong>Pers\u00f6nliche Daten, die wir verarbeiten<\/strong><br \/>Amsterdam City Taxis verarbeitet Ihre personenbezogenen Daten, weil Sie unsere Dienste nutzen und\/oder weil Sie uns diese selbst zur Verf\u00fcgung stellen.<\/p><p>Nachfolgend finden Sie eine \u00fcbersicht der personenbezogenen Daten, die wir verarbeiten:<\/p><p>Ersten und letzten Namen<\/p><p>Anschrift<\/p><p>Telefonnummer<\/p><p>E-Mail-Adresse<\/p><p><strong>Spezielle und\/oder sensitive pers\u00f6nliche Daten die wir verarbeiten<\/strong><br \/>Unsere Website und\/oder unser Dienst ist nicht darauf ausgelegt, Daten von Besuchern unter 16 Jahren zu erfassen. Es sei denn, Sie haben die Erlaubnis von Eltern oder Erziehungsberechtigten. Wir k\u00f6nnen jedoch nicht \u00fcberpr\u00fcfen, ob ein Besucher \u00e4lter ist als 16. Wir m\u00f6chten Eltern daher nahelegen, die Online-Aktivit\u00e4ten ihrer Kinder zu \u00fcberwachen, die online-Aktivit\u00e4ten Ihrer Kinder, um zu verhindern, dass Daten \u00fcber Kinder gesammelt werden, ohne elterliche Zustimmung. Wenn Sie \u00fcberzeugt sind, dass wir personenbezogene Daten \u00fcber einen minderj\u00e4hrigen ohne diese Zustimmung, Kontaktieren Sie uns bitte <a href=\"mailto:booking@amsterdamcitytaxis.com\">booking@amsterdamcitytaxis.com<\/a>und wir werden diese Informationen l\u00f6schen.<\/p><p><strong>F\u00fcr welche Zwecke und auf welcher Grundlage wir personenbezogene Daten verarbeiten<\/strong><br \/>Amsterdam City Taxis verarbeitet Ihre personenbezogenen Daten f\u00fcr folgende Zwecke:<\/p><p>Abwicklung Ihrer Zahlung<\/p><p>Sie anzurufen oder per E-Mail zu kontaktieren, wenn dies zur Erbringung unserer Dienstleistungen erforderlich ist<\/p><p>Bereitstellung von waren und Dienstleistungen<\/p><p>Die Analyse Ihres Verhaltens auf der website, die website zu verbessern undum das Angebot an Produkten und Dienstleistungen auf Ihre Pr\u00e4ferenzen abzustimmen und Dienstleistungen auf Ihre Vorlieben<\/p><p>Verfolgung Ihres Surf-Verhaltens auf verschiedenen websites um unsere Produkte und Dienstleistungen auf Ihre Bed\u00fcrfnisse zuzuschneiden und Dienstleistungen auf Ihre Bed\u00fcrfnisse<\/p><p><strong>Automatisierte Entscheidungsfindung<\/strong><br \/>Amsterdam City Taxis trifft Entscheidungen auf Grundlage automatisierter Verarbeitungen, die (erhebliche) Auswirkungen auf Personen haben k\u00f6nnen, die haben k\u00f6nnte (signifikante) Konsequenzen f\u00fcr Personen. Dies sind Entscheidungen, die von Computerprogrammen oder-Systemen, ohne dass ein Mensch (z.B. ein Mitarbeiter von Amsterdam City Taxis) beteiligt ist.<\/p><p><strong>Wie lange bewahren wir personenbezogene Daten<\/strong><br \/>Amsterdam City Taxis speichert Ihre personenbezogenen Daten nicht l\u00e4nger als unbedingt erforderlich f\u00fcr die Realisierung der Zwecke, f\u00fcr die Ihre Daten gesammelt werden.<\/p><p><strong>Weitergabe personenbezogener Daten an Dritte<\/strong><br \/>Amsterdam City Taxis verkauft keine Daten an Dritte und gibt diese nur weiter, wenn dies f\u00fcr die Durchf\u00fchrung unseres Vertrags mit Ihnen oder zur Erf\u00fcllung einer gesetzlichen Verpflichtung erforderlich ist unserer Vereinbarung mit Ihnen oder zur Einhaltung einer gesetzlichen Verpflichtung. Mit Unternehmen, die Ihre Daten in unserem Auftrag, schlie\u00dfen wir einen data processing agreement um das gleiche Niveau von Sicherheit und Geheimhaltung Ihrer Daten. Amsterdam City Taxis bleibt verantwortlich f\u00fcr diese Verarbeitungsvorg\u00e4nge.<\/p><p><strong>Cookies oder \u00e4hnliche Techniken, die wir verwenden<\/strong><br \/>Cookie-Erkl\u00e4rung f\u00fcr Amsterdam City Taxis<\/p><p><strong>Verwendung von cookies<\/strong><br \/>Was sind cookies?<br \/>Amsterdam City Taxis verwendet cookies und \u00e4hnliche Techniken. Cookies sind kleine (text -) Dateien, die erstellt werden, gespeichert auf Ihrem computer, tablet, oder smartphone, wenn Sie die Nutzung der website. Die cookies \u00fcber die Amsterdam City Taxis website k\u00f6nnen Ihr Ger\u00e4t oder die darauf gespeicherten Daten nicht besch\u00e4digen.<\/p><p><strong>Arten von cookies<\/strong><br \/>Amsterdam City Taxis verwendet funktionale und analytische cookies, um weiter zu verbessern Ihre service.<\/p><p><strong>Funktionale cookies<\/strong><br \/>Funktionale cookies sorgen daf\u00fcr, dass die website ordnungsgem\u00e4\u00df funktioniert und dass Sie Ihre Konto-information, zum Beispiel.<\/p><p><strong>Analytische cookies<\/strong><br \/>Amsterdam City Taxis verwendet analytische cookies, um zu verfolgen, wie Nutzer die website nutzen. Dies hilft uns dabei, unsere Leistungen zu verbessern.<\/p><p><strong>Ablehnung von cookies<\/strong><br \/>Die Verwendung von cookies ist optional. Wenn Sie nicht verwenden m\u00f6chten, k\u00f6nnen Sie Ihre browser-Einstellungen. Sie k\u00f6nnen auch l\u00f6schen installierten cookies von Ihrem computer, tablet oder smartphone-zu jeder Zeit.<\/p><p><strong>Zugang, Berichtigung oder L\u00f6schung der Daten<\/strong><br \/>Sie haben das Recht auf Zugang, Berichtigung oder L\u00f6schung Ihrer personenbezogenen Daten. Sie haben auch das Recht zum Widerruf Ihrer Zustimmung zur Verarbeitung der Daten oder Widerspruch gegen die Verarbeitung Ihrer personenbezogenen Daten durch Amsterdam City Taxis, und Sie haben das Recht auf daten\u00fcbertragbarkeit. Das bedeutet, Sie k\u00f6nnen senden Sie eine Anfrage an uns zu senden Sie die pers\u00f6nlichen Daten, die wir \u00fcber Sie haben, in einer Computerdatei an Sie oder eine andere Organisation, die Sie angeben.<\/p><p>Senden Sie eine Anfrage auf Zugriff, Korrektur, L\u00f6schung, Daten\u00fcbertragung Ihrer pers\u00f6nlichen Daten oder einen Antrag auf Widerruf Ihrer Zustimmung oder Einspruch gegen die Verarbeitung deiner pers\u00f6nlichen Daten an <a href=\"mailto:booking@amsterdamcitytaxis.com\">booking@amsterdamcitytaxis.com<\/a>.<\/p><p>Um sicherzustellen, dass die zugangsanfrage von Ihnen, bitten wir Sie, uns eine Kopie Ihres Ausweises mit der Anfrage. In dieser Kopie schwarz aus Ihr Passfoto, MRZ (maschinenlesbare zone, der Streifen mit zahlen am unteren Rand des Passes), Passnummer und b\u00fcrgerservicenummer (BSN). Dies wird Ihre Privatsph\u00e4re zu sch\u00fctzen. Wir werden so schnell wie m\u00f6glich beantworten, jedoch innerhalb von vier Wochen, auf Ihre Anfrage.<\/p><p>Amsterdam City Taxis m\u00f6chte auch darauf hinweisen, dass Sie die M\u00f6glichkeit haben, eine Beschwerde bei der nationalen Aufsichtsbeh\u00f6rde, der niederl\u00e4ndischen Datenschutzbeh\u00f6rde (Autoriteit Persoonsgegevens).<\/p><p><strong>Wie wir personenbezogene Daten sch\u00fctzen<\/strong><br \/>Amsterdam City Taxis nimmt den Schutz Ihrer Daten ernst und ergreift geeignete Ma\u00dfnahmen, um Missbrauch, Verlust, unbefugtem Zugang, unerw\u00fcnschter Offenlegung und Unbefugter \u00e4nderung.<\/p><p>Wenn Sie den Eindruck haben, dass Ihre Daten nicht ordnungsgem\u00e4\u00df gesichert sind oder Anzeichen eines Missbrauchs, Kontaktieren Sie uns bitte \u00fcber:<\/p><p><a href=\"mailto:booking@amsterdamcitytaxis.com\">booking@amsterdamcitytaxis.com<\/a><\/p>\t\t\t\t\t\t\t\t<\/div>\n\t\t\t\t\t<\/div>\n\t\t\t\t<\/div>\n\t\t\t\t<\/div>","protected":false},"excerpt":{"rendered":"<p>Privacy policy Privacy PolicyView our privacy policy Amsterdam City Taxis, based in AMSTERDAM, is responsible for the processing of personal data as set out in this privacy policy. Contact details+31203086946 The Data Protection Officer of Amsterdam City Taxis can be reached at booking@amsterdamcitytaxis.com Personal data we processAmsterdam City Taxis processes your personal data because you [&hellip;]<\/p>\n","protected":false},"author":1,"featured_media":0,"parent":0,"menu_order":0,"comment_status":"closed","ping_status":"closed","template":"elementor_header_footer","meta":{"_joinchat":[],"footnotes":""},"class_list":["post-21","page","type-page","status-publish","hentry"],"_links":{"self":[{"href":"https:\/\/amsterdamcitytaxis.nl\/de\/wp-json\/wp\/v2\/pages\/21","targetHints":{"allow":["GET"]}}],"collection":[{"href":"https:\/\/amsterdamcitytaxis.nl\/de\/wp-json\/wp\/v2\/pages"}],"about":[{"href":"https:\/\/amsterdamcitytaxis.nl\/de\/wp-json\/wp\/v2\/types\/page"}],"author":[{"embeddable":true,"href":"https:\/\/amsterdamcitytaxis.nl\/de\/wp-json\/wp\/v2\/users\/1"}],"replies":[{"embeddable":true,"href":"https:\/\/amsterdamcitytaxis.nl\/de\/wp-json\/wp\/v2\/comments?post=21"}],"version-history":[{"count":35,"href":"https:\/\/amsterdamcitytaxis.nl\/de\/wp-json\/wp\/v2\/pages\/21\/revisions"}],"predecessor-version":[{"id":10718,"href":"https:\/\/amsterdamcitytaxis.nl\/de\/wp-json\/wp\/v2\/pages\/21\/revisions\/10718"}],"wp:attachment":[{"href":"https:\/\/amsterdamcitytaxis.nl\/de\/wp-json\/wp\/v2\/media?parent=21"}],"curies":[{"name":"wp","href":"https:\/\/api.w.org\/{rel}","templated":true}]}}